{"id":141,"date":"2024-02-20T22:21:57","date_gmt":"2024-02-20T21:21:57","guid":{"rendered":"https:\/\/masdesvolques.fr\/?page_id=141"},"modified":"2024-02-22T20:40:47","modified_gmt":"2024-02-22T19:40:47","slug":"alba-dolia","status":"publish","type":"page","link":"https:\/\/masdesvolques.fr\/index.php\/alba-dolia\/","title":{"rendered":""},"content":{"rendered":"\n<div class=\"wp-block-group is-style-default has-light-background-background-color has-background has-global-padding is-layout-constrained wp-container-core-group-is-layout-02ab25f7 wp-block-group-is-layout-constrained\" style=\"padding-top:60px;padding-bottom:60px;padding-left:0\">\n<div class=\"wp-block-group has-global-padding is-layout-constrained wp-block-group-is-layout-constrained\">\n<div class=\"wp-block-columns has-white-background-color has-background is-layout-flex wp-container-core-columns-is-layout-d7d455e7 wp-block-columns-is-layout-flex\" style=\"padding-top:0;padding-right:0;padding-bottom:0;padding-left:0\">\n<div class=\"wp-block-column is-vertically-aligned-top is-layout-flow wp-block-column-is-layout-flow\" style=\"flex-basis:50%\">\n<figure class=\"wp-block-image aligncenter size-full is-resized\"><img loading=\"lazy\" decoding=\"async\" width=\"245\" height=\"784\" src=\"http:\/\/masdesvolques.fr\/wp-content\/uploads\/2024\/02\/Mas-des-volques_AlbaDolia.png\" alt=\"\" class=\"wp-image-217\" style=\"width:284px;height:auto\" srcset=\"https:\/\/masdesvolques.fr\/wp-content\/uploads\/2024\/02\/Mas-des-volques_AlbaDolia.png 245w, https:\/\/masdesvolques.fr\/wp-content\/uploads\/2024\/02\/Mas-des-volques_AlbaDolia-94x300.png 94w\" sizes=\"auto, (max-width: 245px) 100vw, 245px\" \/><\/figure>\n<\/div>\n\n\n\n<div class=\"wp-block-column is-vertically-aligned-center is-layout-flow wp-block-column-is-layout-flow\" style=\"padding-left:0;flex-basis:50%\">\n<h1 class=\"wp-block-heading\" style=\"font-size:clamp(25.5px, 1.594rem + ((1vw - 3.2px) * 1.823), 43px);\">ALBA DOLIA<\/h1>\n\n\n\n<p>DUCH\u00c9 D&rsquo;UZ\u00c8S &#8211; Blanc<\/p>\n\n\n\n<hr class=\"wp-block-separator has-alpha-channel-opacity is-style-wide\"\/>\n\n\n\n<h2 class=\"wp-block-heading\">C\u00e9pages<\/h2>\n\n\n\n<ul class=\"wp-block-list\">\n<li>Viognier 40 %<\/li>\n\n\n\n<li>Grenache blanc 30 %<\/li>\n\n\n\n<li>Roussanne 20 %<\/li>\n\n\n\n<li>Clairette 10 %<\/li>\n<\/ul>\n\n\n\n<h2 class=\"wp-block-heading\">Elevage et vinification<\/h2>\n\n\n\n<p>Le domaine est en certification HVE (Haute Valeur Environnementale) pour faire reconna\u00eetre ses pratiques responsables et protectrices de la nature. Le sol est travaill\u00e9 m\u00e9caniquement ou enherb\u00e9. Les rendements sont tr\u00e8s faibles, de l\u2019ordre de 20 hl\/ha. Les diff\u00e9rents c\u00e9pages sont r\u00e9colt\u00e9s et vinifi\u00e9s s\u00e9par\u00e9ment. La fermentation se d\u00e9roule en f\u00fbts bourguignons pour le Viognier et la Roussanne, en cuve pour le Grenache blanc et la Clairette. Les vins sont ensuite \u00e9lev\u00e9s durant 6 \u00e0 8 mois sur lies fines jusqu\u2019\u00e0 leur assemblage final et mise en bouteille.<\/p>\n\n\n\n<h2 class=\"wp-block-heading\">Notes de d\u00e9gustation<\/h2>\n\n\n\n<p>Alba Dolia, qui signifie \u00ab barriques blanches \u00bb en latin, est un vin riche \u00e0 la texture soyeuse. Sa robe est l\u00e9g\u00e8rement dor\u00e9e. En bouche, le viognier est pr\u00e9sent avec ses ar\u00f4mes d\u2019abricot, mais pas dominant : il laisse la place aux autres c\u00e9pages qui expriment de belles notes de mandarine et de p\u00eache blanche, une pointe cironn\u00e9e pr\u00e9serve un caract\u00e8re vif. Production : 8000 bouteilles.<\/p>\n<\/div>\n<\/div>\n<\/div>\n<\/div>\n\n\n\n<div class=\"wp-block-group has-global-padding is-layout-constrained wp-block-group-is-layout-constrained\">\n<div class=\"wp-block-group is-layout-flow wp-block-group-is-layout-flow\">\n<div class=\"wp-block-columns is-layout-flex wp-container-core-columns-is-layout-28f84493 wp-block-columns-is-layout-flex\">\n<div class=\"wp-block-column is-style-default is-layout-flow wp-block-column-is-layout-flow\" style=\"border-style:none;border-width:0px;padding-top:0;padding-right:0;padding-bottom:0;padding-left:0\"><\/div>\n\n\n\n<div class=\"wp-block-column is-style-default is-layout-flow wp-block-column-is-layout-flow\" style=\"border-style:none;border-width:0px;padding-top:0;padding-right:var(--wp--preset--spacing--x-small);padding-bottom:0;padding-left:var(--wp--preset--spacing--x-small)\"><\/div>\n<\/div>\n<\/div>\n<\/div>\n","protected":false},"excerpt":{"rendered":"<p>ALBA DOLIA DUCH\u00c9 D&rsquo;UZ\u00c8S &#8211; Blanc C\u00e9pages Elevage et vinification Le domaine est en certification HVE (Haute Valeur Environnementale) pour faire reconna\u00eetre ses pratiques responsables et protectrices de la nature. Le sol est travaill\u00e9 m\u00e9caniquement ou enherb\u00e9. Les rendements sont tr\u00e8s faibles, de l\u2019ordre de 20 hl\/ha. Les diff\u00e9rents c\u00e9pages sont r\u00e9colt\u00e9s et vinifi\u00e9s s\u00e9par\u00e9ment. &hellip; <\/p>\n<p class=\"link-more\"><a href=\"https:\/\/masdesvolques.fr\/index.php\/alba-dolia\/\" class=\"more-link\">Lire la suite de<span class=\"screen-reader-text\">\u00ab\u00a0\u00a0\u00bb<\/span><\/a><\/p>\n","protected":false},"author":1,"featured_media":0,"parent":0,"menu_order":0,"comment_status":"closed","ping_status":"closed","template":"","meta":{"footnotes":""},"class_list":["post-141","page","type-page","status-publish","hentry"],"featured_media_urls":[],"_links":{"self":[{"href":"https:\/\/masdesvolques.fr\/index.php\/wp-json\/wp\/v2\/pages\/141","targetHints":{"allow":["GET"]}}],"collection":[{"href":"https:\/\/masdesvolques.fr\/index.php\/wp-json\/wp\/v2\/pages"}],"about":[{"href":"https:\/\/masdesvolques.fr\/index.php\/wp-json\/wp\/v2\/types\/page"}],"author":[{"embeddable":true,"href":"https:\/\/masdesvolques.fr\/index.php\/wp-json\/wp\/v2\/users\/1"}],"replies":[{"embeddable":true,"href":"https:\/\/masdesvolques.fr\/index.php\/wp-json\/wp\/v2\/comments?post=141"}],"version-history":[{"count":23,"href":"https:\/\/masdesvolques.fr\/index.php\/wp-json\/wp\/v2\/pages\/141\/revisions"}],"predecessor-version":[{"id":218,"href":"https:\/\/masdesvolques.fr\/index.php\/wp-json\/wp\/v2\/pages\/141\/revisions\/218"}],"wp:attachment":[{"href":"https:\/\/masdesvolques.fr\/index.php\/wp-json\/wp\/v2\/media?parent=141"}],"curies":[{"name":"wp","href":"https:\/\/api.w.org\/{rel}","templated":true}]}}