{"id":186,"date":"2024-02-22T20:04:39","date_gmt":"2024-02-22T19:04:39","guid":{"rendered":"https:\/\/masdesvolques.fr\/?page_id=186"},"modified":"2024-02-22T20:41:38","modified_gmt":"2024-02-22T19:41:38","slug":"urnia","status":"publish","type":"page","link":"https:\/\/masdesvolques.fr\/index.php\/urnia\/","title":{"rendered":""},"content":{"rendered":"\n<div class=\"wp-block-group is-style-default has-light-background-background-color has-background has-global-padding is-layout-constrained wp-container-core-group-is-layout-02ab25f7 wp-block-group-is-layout-constrained\" style=\"padding-top:60px;padding-bottom:60px;padding-left:0\">\n<div class=\"wp-block-group has-global-padding is-layout-constrained wp-block-group-is-layout-constrained\">\n<div class=\"wp-block-columns has-white-background-color has-background is-layout-flex wp-container-core-columns-is-layout-d7d455e7 wp-block-columns-is-layout-flex\" style=\"padding-top:0;padding-right:0;padding-bottom:0;padding-left:0\">\n<div class=\"wp-block-column is-vertically-aligned-top is-layout-flow wp-block-column-is-layout-flow\" style=\"flex-basis:50%\">\n<figure class=\"wp-block-image aligncenter size-full is-resized\"><img loading=\"lazy\" decoding=\"async\" width=\"245\" height=\"780\" src=\"http:\/\/masdesvolques.fr\/wp-content\/uploads\/2024\/02\/Mas-des-volques_Urnia.png\" alt=\"\" class=\"wp-image-221\" style=\"width:284px;height:auto\" srcset=\"https:\/\/masdesvolques.fr\/wp-content\/uploads\/2024\/02\/Mas-des-volques_Urnia.png 245w, https:\/\/masdesvolques.fr\/wp-content\/uploads\/2024\/02\/Mas-des-volques_Urnia-94x300.png 94w\" sizes=\"auto, (max-width: 245px) 100vw, 245px\" \/><\/figure>\n<\/div>\n\n\n\n<div class=\"wp-block-column is-vertically-aligned-center is-layout-flow wp-block-column-is-layout-flow\" style=\"padding-left:0;flex-basis:50%\">\n<h1 class=\"wp-block-heading\" style=\"font-size:clamp(25.5px, 1.594rem + ((1vw - 3.2px) * 1.823), 43px);\">URNIA<\/h1>\n\n\n\n<p>DUCH\u00c9 D&rsquo;UZ\u00c8S &#8211; Ros\u00e9<\/p>\n\n\n\n<hr class=\"wp-block-separator has-alpha-channel-opacity is-style-wide\"\/>\n\n\n\n<h2 class=\"wp-block-heading\">C\u00e9pages<\/h2>\n\n\n\n<ul class=\"wp-block-list\">\n<li>Grenache 60 %<\/li>\n\n\n\n<li>Syrah 30 %<\/li>\n\n\n\n<li>Mourv\u00e8dre 10 %<\/li>\n<\/ul>\n\n\n\n<h2 class=\"wp-block-heading\">Elevage et vinification<\/h2>\n\n\n\n<p>Le domaine est en certification HVE (Haute Valeur Environnementale) pour faire reconna\u00eetre ses pratiques responsables et protectrices de la nature. Le sol est travaill\u00e9 m\u00e9caniquement ou enherb\u00e9. Les rendements sont faibles, de l\u2019ordre de 35 hl\/ha. Les diff\u00e9rents c\u00e9pages sont vinifi\u00e9s s\u00e9par\u00e9ment. Fermentation \u00e0 basse temp\u00e9rature en cuve uniquement.<\/p>\n\n\n\n<h2 class=\"wp-block-heading\">Notes de d\u00e9gustation<\/h2>\n\n\n\n<p>Ce vin offre un style rond, textur\u00e9 et structur\u00e9 qui porte des notes attrayantes de framboises, de cerises confites et de fleurs. Vif et frais en bouche, avec une bonne acidit\u00e9, c&rsquo;est un ros\u00e9 solide comme le roc, \u00e0 appr\u00e9cier d\u00e8s les beaux jours.<\/p>\n<\/div>\n<\/div>\n<\/div>\n<\/div>\n\n\n\n<div class=\"wp-block-group has-global-padding is-layout-constrained wp-block-group-is-layout-constrained\">\n<div class=\"wp-block-group is-layout-flow wp-block-group-is-layout-flow\">\n<div class=\"wp-block-columns is-layout-flex wp-container-core-columns-is-layout-28f84493 wp-block-columns-is-layout-flex\">\n<div class=\"wp-block-column is-style-default is-layout-flow wp-block-column-is-layout-flow\" style=\"border-style:none;border-width:0px;padding-top:0;padding-right:0;padding-bottom:0;padding-left:0\"><\/div>\n\n\n\n<div class=\"wp-block-column is-style-default is-layout-flow wp-block-column-is-layout-flow\" style=\"border-style:none;border-width:0px;padding-top:0;padding-right:var(--wp--preset--spacing--x-small);padding-bottom:0;padding-left:var(--wp--preset--spacing--x-small)\"><\/div>\n<\/div>\n<\/div>\n<\/div>\n","protected":false},"excerpt":{"rendered":"<p>URNIA DUCH\u00c9 D&rsquo;UZ\u00c8S &#8211; Ros\u00e9 C\u00e9pages Elevage et vinification Le domaine est en certification HVE (Haute Valeur Environnementale) pour faire reconna\u00eetre ses pratiques responsables et protectrices de la nature. Le sol est travaill\u00e9 m\u00e9caniquement ou enherb\u00e9. Les rendements sont faibles, de l\u2019ordre de 35 hl\/ha. Les diff\u00e9rents c\u00e9pages sont vinifi\u00e9s s\u00e9par\u00e9ment. Fermentation \u00e0 basse temp\u00e9rature &hellip; <\/p>\n<p class=\"link-more\"><a href=\"https:\/\/masdesvolques.fr\/index.php\/urnia\/\" class=\"more-link\">Lire la suite de<span class=\"screen-reader-text\">\u00ab\u00a0\u00a0\u00bb<\/span><\/a><\/p>\n","protected":false},"author":1,"featured_media":0,"parent":0,"menu_order":0,"comment_status":"closed","ping_status":"closed","template":"","meta":{"footnotes":""},"class_list":["post-186","page","type-page","status-publish","hentry"],"featured_media_urls":[],"_links":{"self":[{"href":"https:\/\/masdesvolques.fr\/index.php\/wp-json\/wp\/v2\/pages\/186","targetHints":{"allow":["GET"]}}],"collection":[{"href":"https:\/\/masdesvolques.fr\/index.php\/wp-json\/wp\/v2\/pages"}],"about":[{"href":"https:\/\/masdesvolques.fr\/index.php\/wp-json\/wp\/v2\/types\/page"}],"author":[{"embeddable":true,"href":"https:\/\/masdesvolques.fr\/index.php\/wp-json\/wp\/v2\/users\/1"}],"replies":[{"embeddable":true,"href":"https:\/\/masdesvolques.fr\/index.php\/wp-json\/wp\/v2\/comments?post=186"}],"version-history":[{"count":3,"href":"https:\/\/masdesvolques.fr\/index.php\/wp-json\/wp\/v2\/pages\/186\/revisions"}],"predecessor-version":[{"id":222,"href":"https:\/\/masdesvolques.fr\/index.php\/wp-json\/wp\/v2\/pages\/186\/revisions\/222"}],"wp:attachment":[{"href":"https:\/\/masdesvolques.fr\/index.php\/wp-json\/wp\/v2\/media?parent=186"}],"curies":[{"name":"wp","href":"https:\/\/api.w.org\/{rel}","templated":true}]}}